{"id":155,"date":"2021-02-12T16:15:24","date_gmt":"2021-02-12T19:15:24","guid":{"rendered":"http:\/\/carliplac.com.br\/?page_id=155"},"modified":"2021-02-23T11:42:41","modified_gmt":"2021-02-23T14:42:41","slug":"compensado-ranhurado-t1-11-classico-colonial","status":"publish","type":"page","link":"https:\/\/carliplac.com.br\/es\/compensado-ranhurado-t1-11-classico-colonial\/","title":{"rendered":"Compensado Ranhurado T1-11 Cl\u00e1ssico ou Colonial"},"content":{"rendered":"<h1 class=\"wp-block-heading\">VANTAGENS DE USO<br><\/h1>\n\n\n\n<ul class=\"wp-block-list\"><li>Ideal para uso interno e externo protegido<\/li><li>D\u00ea a cada projeto um acabamento sofisticado<\/li><li>V\u00e1rios perfis dispon\u00edveis, tornando-se uma \u00f3tima op\u00e7\u00e3o para qualquer esbo\u00e7o e projeto.<\/li><li>Tem uma sobreposi\u00e7\u00e3o ao longo do seu comprimento que permite uma instala\u00e7\u00e3o r\u00e1pida e que garante excelente liga\u00e7\u00e3o e termina\u00e7\u00e3o.<\/li><\/ul>\n\n\n\n<p><a href=\"https:\/\/carliplac.com.br\/wp-content\/uploads\/2021\/02\/Carliplac_portfolioranhurado_270121_compressed-1.pdf\" target=\"_blank\" rel=\"noreferrer noopener\"><strong>Fa\u00e7a o Download de Nosso Cat\u00e1logo Completo.<\/strong><\/a><\/p>\n\n\n\n<h1 class=\"wp-block-heading\">CARACTER\u00cdSTICAS<\/h1>\n\n\n<p><img decoding=\"async\" src=\"https:\/\/carliplac.com.br\/wp-content\/uploads\/2021\/02\/caracteristicas.jpg\" alt=\"\" class=\"img-responsive center-block\"><\/p>\n\n\n<h1 class=\"wp-block-heading\">PERFIS DISPON\u00cdVEIS<\/h1>\n\n\n<p><img decoding=\"async\" src=\"https:\/\/carliplac.com.br\/wp-content\/uploads\/2021\/02\/perfis.jpg\" alt=\"\" class=\"img-responsive center-block\"><\/p>\n\n\n<h1 class=\"wp-block-heading\">ESPECIFICA\u00c7\u00d5ES GERAIS<\/h1>\n\n\n<p><img decoding=\"async\" src=\"https:\/\/carliplac.com.br\/wp-content\/uploads\/2021\/02\/especificacoes-1024x543.jpg\" alt=\"\" class=\"img-responsive center-block\"><\/p>","protected":false},"excerpt":{"rendered":"<p>VANTAGENS DE USO Ideal para uso interno e externo protegido D\u00ea a cada projeto um acabamento sofisticado V\u00e1rios perfis dispon\u00edveis, tornando-se uma \u00f3tima op\u00e7\u00e3o para qualquer esbo\u00e7o e projeto. Tem uma sobreposi\u00e7\u00e3o ao longo do seu comprimento que permite uma instala\u00e7\u00e3o r\u00e1pida e que garante excelente liga\u00e7\u00e3o e termina\u00e7\u00e3o. Fa\u00e7a o Download de Nosso Cat\u00e1logo [&hellip;]<\/p>\n","protected":false},"author":1,"featured_media":177,"parent":0,"menu_order":0,"comment_status":"closed","ping_status":"closed","template":"template-ranhurado.php","meta":{"footnotes":""},"class_list":["post-155","page","type-page","status-publish","has-post-thumbnail","hentry"],"_links":{"self":[{"href":"https:\/\/carliplac.com.br\/es\/wp-json\/wp\/v2\/pages\/155","targetHints":{"allow":["GET"]}}],"collection":[{"href":"https:\/\/carliplac.com.br\/es\/wp-json\/wp\/v2\/pages"}],"about":[{"href":"https:\/\/carliplac.com.br\/es\/wp-json\/wp\/v2\/types\/page"}],"author":[{"embeddable":true,"href":"https:\/\/carliplac.com.br\/es\/wp-json\/wp\/v2\/users\/1"}],"replies":[{"embeddable":true,"href":"https:\/\/carliplac.com.br\/es\/wp-json\/wp\/v2\/comments?post=155"}],"version-history":[{"count":9,"href":"https:\/\/carliplac.com.br\/es\/wp-json\/wp\/v2\/pages\/155\/revisions"}],"predecessor-version":[{"id":194,"href":"https:\/\/carliplac.com.br\/es\/wp-json\/wp\/v2\/pages\/155\/revisions\/194"}],"wp:featuredmedia":[{"embeddable":true,"href":"https:\/\/carliplac.com.br\/es\/wp-json\/wp\/v2\/media\/177"}],"wp:attachment":[{"href":"https:\/\/carliplac.com.br\/es\/wp-json\/wp\/v2\/media?parent=155"}],"curies":[{"name":"wp","href":"https:\/\/api.w.org\/{rel}","templated":true}]}}